{"id":833,"date":"2021-08-18T06:40:47","date_gmt":"2021-08-18T06:40:47","guid":{"rendered":"http:\/\/torresesilvaadvocacia.com.br\/?page_id=833"},"modified":"2025-11-20T10:54:40","modified_gmt":"2025-11-20T13:54:40","slug":"home","status":"publish","type":"page","link":"https:\/\/torresesilvaadvocacia.com.br\/","title":{"rendered":"Home"},"content":{"rendered":"\n<div class=\"wp-block-uagb-container uagb-block-fe83ce66 alignfull uagb-is-root-container\"><div class=\"uagb-container-inner-blocks-wrap\">\n<div class=\"wp-block-group is-layout-constrained wp-block-group-is-layout-constrained\">\n<div class=\"wp-block-uagb-container uagb-block-5b6d9f28\">\n<div class=\"wp-block-uagb-container uagb-block-0198ab46\">\n<div class=\"wp-block-uagb-info-box uagb-block-701661e2 uagb-infobox__content-wrap  uagb-infobox-icon-above-title uagb-infobox-image-valign-top\"><div class=\"uagb-ifb-content\"><div class=\"uagb-ifb-title-wrap\"><span class=\"uagb-ifb-title-prefix\">Escrit\u00f3rio de Advocacia renomado<\/span><h1 class=\"uagb-ifb-title\">Somos Torres &amp; Silva Advogados Associados<\/h1><\/div><p class=\"uagb-ifb-desc\">Defendemos os direitos da sua empresa com excel\u00eancia e inova\u00e7\u00e3o, utilizando sistemas jur\u00eddicos avan\u00e7ados e softwares especializados para garantir seguran\u00e7a jur\u00eddica e solu\u00e7\u00f5es personalizadas em direito trabalhista.<\/p><div class=\"uagb-ifb-button-wrapper wp-block-button\"><a href=\"https:\/\/api.whatsapp.com\/send?phone=5511955996164&amp;text=Oi%2C%20encontrei%20suas%20informa%C3%A7%C3%B5es%20do%20WhatsApp%20no%20seu%20site.\" class=\"uagb-infobox-cta-link wp-block-button__link\" target=\"_self\" rel=\"noopener noreferrer\" onclick=\"return true;\" alt=\"\"><span class=\"uagb-inline-editing\">Entre em contato<\/span><\/a><\/div><\/div><\/div>\n\n\n\n<div class=\"wp-block-jetpack-send-a-message\">\n<div class=\"wp-block-jetpack-whatsapp-button alignleft is-color-dark\"><a class=\"whatsapp-block__button\" href=\"https:\/\/api.whatsapp.com\/send?phone=5511955996164&amp;text=Oi%2C%20encontrei%20suas%20informa%C3%A7%C3%B5es%20do%20WhatsApp%20no%20seu%20site.\" style=\"background-color:#25D366;color:#fff\" target=\"_self\" rel=\"noopener noreferrer\">Conversar no WhatsApp<\/a><\/div>\n<\/div>\n<\/div>\n<\/div>\n<\/div>\n<\/div><\/div>\n\n\n\n<div class=\"wp-block-uagb-container uagb-block-8f732a5c alignfull uagb-is-root-container\"><div class=\"uagb-container-inner-blocks-wrap\">\n<div class=\"wp-block-uagb-container uagb-block-2cbeff86\">\n<div class=\"wp-block-uagb-info-box uagb-block-d053edd2 uagb-infobox__content-wrap  uagb-infobox-icon-above-title uagb-infobox-image-valign-top\"><div class=\"uagb-ifb-content\"><div class=\"uagb-ifb-title-wrap\"><div class=\"uagb-ifb-separator\"><\/div><h2 class=\"uagb-ifb-title\"><font style=\"vertical-align: inherit;\"><font style=\"vertical-align: inherit;\">Sobre n\u00f3s<\/font><\/font><\/h2><\/div><\/div><\/div>\n\n\n\n<p>Sejam muito bem-vindos \u00e0 esta p\u00e1gina! Aqui na <strong>TORRES &amp; SILVA<\/strong>, daremos a cada intera\u00e7\u00e3o uma oportunidade para construir algo significativo.<\/p>\n\n\n\n<p>Estamos al\u00e9m de transa\u00e7\u00f5es simples; buscamos estabelecer la\u00e7os duradouros com credibilidade e confian\u00e7a.<\/p>\n\n\n\n<p>A raz\u00e3o da TORRES &amp; SILVA vai al\u00e9m de produtos e servi\u00e7os. Nossa miss\u00e3o \u00e9 criar experi\u00eancias que transcendam o comum. Trabalharemos incansavelmente para oferecer solu\u00e7\u00f5es que n\u00e3o apenas atendam \u00e0s suas necessidades, mas que tamb\u00e9m te tragam resultados!<\/p>\n\n\n\n<div class=\"wp-block-uagb-container uagb-block-2e504cce\">\n<div class=\"wp-block-uagb-container uagb-block-575e6a0a\">\n<div class=\"wp-block-uagb-advanced-heading uagb-block-cc5dff5d\"><h4 class=\"uagb-heading-text\">Escrit\u00f3rio renomado<\/h4><p class=\"uagb-desc-text\">Uma reputa\u00e7\u00e3o s\u00f3lida no mercado legal pode ser um sinal de confian\u00e7a e excel\u00eancia com acesso<strong> uma ampla rede de contatos, incluindo profissionais jur\u00eddicos, empres\u00e1rios e especialistas em diversas \u00e1reas<\/strong>.<\/p><\/div>\n<\/div>\n\n\n\n<div class=\"wp-block-uagb-container uagb-block-04216f07\">\n<div class=\"wp-block-uagb-advanced-heading uagb-block-a25d9144\"><h4 class=\"uagb-heading-text\">Melhor aconselhamento jur\u00eddico<\/h4><p class=\"uagb-desc-text\">A orienta\u00e7\u00e3o jur\u00eddica&nbsp;<strong>consiste em um fator de suma import\u00e2ncia na tomada de decis\u00f5es no dia a dia de qualquer neg\u00f3cio, pois estimula uma gest\u00e3o mais eficiente<\/strong>..<\/p><\/div>\n<\/div>\n<\/div>\n\n\n\n<div class=\"wp-block-buttons is-layout-flex wp-block-buttons-is-layout-flex\">\n<div class=\"wp-block-button\"><a class=\"wp-block-button__link wp-element-button\" href=\"https:\/\/api.whatsapp.com\/send?phone=5511955996164&amp;text=Oi%2C%20encontrei%20suas%20informa%C3%A7%C3%B5es%20do%20WhatsApp%20no%20seu%20site.\" target=\"_blank\" rel=\"noreferrer noopener\">Fale conosco agora mesmo<\/a><\/div>\n<\/div>\n<\/div>\n\n\n\n<div class=\"wp-block-uagb-container uagb-block-22aebd5e\">\n<div class=\"wp-block-uagb-image alignright uagb-block-a1954687 wp-block-uagb-image--layout-default wp-block-uagb-image--effect-static wp-block-uagb-image--align-right\"><figure class=\"wp-block-uagb-image__figure\"><img loading=\"lazy\" decoding=\"async\" srcset=\"https:\/\/torresesilvaadvocacia.com.br\/wp-content\/uploads\/2021\/04\/law-about.jpg , https:\/\/torresesilvaadvocacia.com.br\/wp-content\/uploads\/2021\/04\/law-about.jpg 360w\" sizes=\"(max-width: 480px) 150px\" src=\"https:\/\/torresesilvaadvocacia.com.br\/wp-content\/uploads\/2021\/04\/law-about.jpg\" alt=\"\" class=\"uag-image-814\" width=\"340\" height=\"941\" title=\"\" loading=\"lazy\" role=\"img\"\/><\/figure><\/div>\n<\/div>\n<\/div><\/div>\n\n\n\n<div class=\"wp-block-uagb-container uagb-block-32ae2e83 alignfull uagb-is-root-container\"><div class=\"uagb-container-inner-blocks-wrap\">\n<div class=\"wp-block-uagb-container uagb-block-8568e6d9\">\n<div class=\"wp-block-uagb-info-box uagb-block-c01b0f5d uagb-infobox__content-wrap  uagb-infobox-icon-above-title uagb-infobox-image-valign-top\"><div class=\"uagb-ifb-content\"><div class=\"uagb-ifb-icon-wrap\"><svg xmlns=\"https:\/\/www.w3.org\/2000\/svg\" viewBox=\"0 0 640 512\"><path d=\"M85 250.5c-87 174.2-84.1 165.9-84.1 181.5C.0035 476.1 57.25 512 128 512s128-35.88 128-79.1c0-16.12 1.375-8.752-85.12-181.5C153.3 215.3 102.8 215.1 85 250.5zM55.96 416l71.98-143.1l72.15 143.1H55.96zM554.9 122.5c-17.62-35.25-68.08-35.37-85.83 0c-87 174.2-85.04 165.9-85.04 181.5c0 44.12 57.25 79.1 128 79.1s127.1-35.87 127.1-79.1C639.1 287.9 641.4 295.3 554.9 122.5zM439.1 288l72.04-143.1l72.08 143.1H439.1zM495.1 448h-143.1V153.3c20.83-9.117 36.72-26.93 43.78-48.77l126.3-42.11c16.77-5.594 25.83-23.72 20.23-40.48c-5.578-16.73-23.62-25.86-40.48-20.23l-113.3 37.76c-13.94-23.49-39.29-39.41-68.58-39.41c-44.18 0-79.1 35.82-79.1 80c0 2.961 .5587 5.771 .8712 8.648L117.9 129.7C101.1 135.3 92.05 153.4 97.64 170.1c4.469 13.41 16.95 21.88 30.36 21.88c3.344 0 6.768-.5186 10.13-1.644L273.8 145.1C278.2 148.3 282.1 151.1 288 153.3V496C288 504.8 295.2 512 304 512h223.1c8.838 0 16-7.164 16-15.1C543.1 469.5 522.5 448 495.1 448z\"><\/path><\/svg><\/div><div class=\"uagb-ifb-title-wrap\"><h3 class=\"uagb-ifb-title\">629+<\/h3><\/div><p class=\"uagb-ifb-desc\">Casos Resolvidos<\/p><\/div><\/div>\n<\/div>\n\n\n\n<div class=\"wp-block-uagb-container uagb-block-54fa63ea\">\n<div class=\"wp-block-uagb-info-box uagb-block-11b9ecb3 uagb-infobox__content-wrap  uagb-infobox-icon-above-title uagb-infobox-image-valign-top\"><div class=\"uagb-ifb-content\"><div class=\"uagb-ifb-icon-wrap\"><svg xmlns=\"https:\/\/www.w3.org\/2000\/svg\" viewBox=\"0 0 576 512\"><path d=\"M568.1 196.3l-22.62-22.62c-4.533-4.533-10.56-7.029-16.97-7.029s-12.44 2.496-16.97 7.029l-5.654 5.656l-20.12-20.12c4.596-23.46-2.652-47.9-19.47-64.73l-45.25-45.25C390.2 17.47 347.1 0 303.1 0C258.2 0 216 17.47 184.3 49.21L176.5 57.05L272.5 105.1v13.81c0 18.95 7.688 37.5 21.09 50.91l49.16 49.14c13.44 13.45 31.39 20.86 50.54 20.86c4.758 0 9.512-.4648 14.18-1.387l20.12 20.12l-5.654 5.654c-9.357 9.357-9.357 24.58-.002 33.94l22.62 22.62c4.535 4.533 10.56 7.031 16.97 7.031s12.44-2.498 16.97-7.031l90.53-90.5C578.3 220.8 578.3 205.6 568.1 196.3zM270.9 192.4c-3.846-3.846-7.197-8.113-10.37-12.49l-239.5 209.2c-28.12 28.12-28.16 73.72-.0371 101.8C35.12 505 53.56 512 71.1 512s36.84-7.031 50.91-21.09l209.1-239.4c-4.141-3.061-8.184-6.289-11.89-9.996L270.9 192.4z\"><\/path><\/svg><\/div><div class=\"uagb-ifb-title-wrap\"><h3 class=\"uagb-ifb-title\">1.385+<\/h3><\/div><p class=\"uagb-ifb-desc\">Clientes Satisfeitos<\/p><\/div><\/div>\n<\/div>\n\n\n\n<div class=\"wp-block-uagb-container uagb-block-e8d0f936\">\n<div class=\"wp-block-uagb-info-box uagb-block-5671b7fe uagb-infobox__content-wrap  uagb-infobox-icon-above-title uagb-infobox-image-valign-top\"><div class=\"uagb-ifb-content\"><div class=\"uagb-ifb-icon-wrap\"><svg xmlns=\"https:\/\/www.w3.org\/2000\/svg\" viewBox=\"0 0 384 512\"><path d=\"M336 0C362.5 0 384 21.49 384 48V464C384 490.5 362.5 512 336 512H240V432C240 405.5 218.5 384 192 384C165.5 384 144 405.5 144 432V512H48C21.49 512 0 490.5 0 464V48C0 21.49 21.49 0 48 0H336zM64 272C64 280.8 71.16 288 80 288H112C120.8 288 128 280.8 128 272V240C128 231.2 120.8 224 112 224H80C71.16 224 64 231.2 64 240V272zM176 224C167.2 224 160 231.2 160 240V272C160 280.8 167.2 288 176 288H208C216.8 288 224 280.8 224 272V240C224 231.2 216.8 224 208 224H176zM256 272C256 280.8 263.2 288 272 288H304C312.8 288 320 280.8 320 272V240C320 231.2 312.8 224 304 224H272C263.2 224 256 231.2 256 240V272zM80 96C71.16 96 64 103.2 64 112V144C64 152.8 71.16 160 80 160H112C120.8 160 128 152.8 128 144V112C128 103.2 120.8 96 112 96H80zM160 144C160 152.8 167.2 160 176 160H208C216.8 160 224 152.8 224 144V112C224 103.2 216.8 96 208 96H176C167.2 96 160 103.2 160 112V144zM272 96C263.2 96 256 103.2 256 112V144C256 152.8 263.2 160 272 160H304C312.8 160 320 152.8 320 144V112C320 103.2 312.8 96 304 96H272z\"><\/path><\/svg><\/div><div class=\"uagb-ifb-title-wrap\"><h3 class=\"uagb-ifb-title\">2<\/h3><\/div><p class=\"uagb-ifb-desc\">Escrit\u00f3rios Regionais<\/p><\/div><\/div>\n<\/div>\n\n\n\n<div class=\"wp-block-uagb-container uagb-block-a7d14f98\">\n<div class=\"wp-block-uagb-info-box uagb-block-4a6f25dd uagb-infobox__content-wrap  uagb-infobox-icon-above-title uagb-infobox-image-valign-top\"><div class=\"uagb-ifb-content\"><div class=\"uagb-ifb-icon-wrap\"><svg xmlns=\"https:\/\/www.w3.org\/2000\/svg\" viewBox=\"0 0 512 512\"><path d=\"M0 144v288C0 457.6 22.41 480 48 480H96V96H48C22.41 96 0 118.4 0 144zM336 0h-160C150.4 0 128 22.41 128 48V480h256V48C384 22.41 361.6 0 336 0zM336 96h-160V48h160V96zM464 96H416v384h48c25.59 0 48-22.41 48-48v-288C512 118.4 489.6 96 464 96z\"><\/path><\/svg><\/div><div class=\"uagb-ifb-title-wrap\"><h3 class=\"uagb-ifb-title\">96+<\/h3><\/div><p class=\"uagb-ifb-desc\">Associados Jur\u00eddicos<\/p><\/div><\/div>\n<\/div>\n<\/div><\/div>\n\n\n\n<div class=\"wp-block-uagb-container uagb-block-e2d244fa alignfull uagb-is-root-container\"><div class=\"uagb-container-inner-blocks-wrap\">\n<div class=\"wp-block-uagb-advanced-heading uagb-block-8e05dc4e\"><h3 class=\"uagb-heading-text\">Unidades<\/h3><p class=\"uagb-desc-text\">Segue abaixo a nossa sede base e filial para melhor nos atend\u00ea-los<\/p><\/div>\n\n\n\n<div class=\"wp-block-uagb-container uagb-block-ff4527d0\">\n<div class=\"wp-block-uagb-container uagb-block-d14eb0d8\">\n<div class=\"wp-block-uagb-info-box uagb-block-12402cde uagb-infobox__content-wrap  uagb-infobox-icon-above-title uagb-infobox-image-valign-top\"><div class=\"uagb-ifb-content\"><div class=\"uagb-ifb-icon-wrap\"><svg xmlns=\"https:\/\/www.w3.org\/2000\/svg\" viewBox=\"0 0 512 512\"><path d=\"M383.8 351.7c2.5-2.5 105.2-92.4 105.2-92.4l-17.5-7.5c-10-4.9-7.4-11.5-5-17.4 2.4-7.6 20.1-67.3 20.1-67.3s-47.7 10-57.7 12.5c-7.5 2.4-10-2.5-12.5-7.5s-15-32.4-15-32.4-52.6 59.9-55.1 62.3c-10 7.5-20.1 0-17.6-10 0-10 27.6-129.6 27.6-129.6s-30.1 17.4-40.1 22.4c-7.5 5-12.6 5-17.6-5C293.5 72.3 255.9 0 255.9 0s-37.5 72.3-42.5 79.8c-5 10-10 10-17.6 5-10-5-40.1-22.4-40.1-22.4S183.3 182 183.3 192c2.5 10-7.5 17.5-17.6 10-2.5-2.5-55.1-62.3-55.1-62.3S98.1 167 95.6 172s-5 9.9-12.5 7.5C73 177 25.4 167 25.4 167s17.6 59.7 20.1 67.3c2.4 6 5 12.5-5 17.4L23 259.3s102.6 89.9 105.2 92.4c5.1 5 10 7.5 5.1 22.5-5.1 15-10.1 35.1-10.1 35.1s95.2-20.1 105.3-22.6c8.7-.9 18.3 2.5 18.3 12.5S241 512 241 512h30s-5.8-102.7-5.8-112.8 9.5-13.4 18.4-12.5c10 2.5 105.2 22.6 105.2 22.6s-5-20.1-10-35.1 0-17.5 5-22.5z\"><\/path><\/svg><\/div><div class=\"uagb-ifb-title-wrap\"><h4 class=\"uagb-ifb-title\">S\u00e3o Paulo<\/h4><\/div><p class=\"uagb-ifb-desc\">Rua Manoel Borba, 292, 8\u00ba Andar \u2013 Sala Cowork \u2013 Santo Amaro \u2013 S\u00e3o Paulo.<br><a href=\"https:\/\/api.whatsapp.com\/send?phone=5511955996164\" target=\"_blank\" rel=\"noopener\" title=\"\"><mark style=\"background-color:rgba(0, 0, 0, 0)\" class=\"has-inline-color has-ast-global-color-0-color\">+55 11 95599-6164<\/mark><\/a><\/p><div class=\"uagb-ifb-button-wrapper wp-block-button\"><a href=\"#\" target=\"_self\" onclick=\"return false;\" class=\"uagb-infobox-cta-link\" rel=\"noopener noreferrer\" alt=\"\"><svg xmlns=\"https:\/\/www.w3.org\/2000\/svg\" viewBox=\"0 0 384 512\"><path d=\"M168.3 499.2C116.1 435 0 279.4 0 192C0 85.96 85.96 0 192 0C298 0 384 85.96 384 192C384 279.4 267 435 215.7 499.2C203.4 514.5 180.6 514.5 168.3 499.2H168.3zM192 256C227.3 256 256 227.3 256 192C256 156.7 227.3 128 192 128C156.7 128 128 156.7 128 192C128 227.3 156.7 256 192 256z\"><\/path><\/svg><span class=\"uagb-inline-editing\">Filial<\/span><\/a><\/div><\/div><\/div>\n<\/div>\n\n\n\n<div class=\"wp-block-uagb-container uagb-block-f77574ea\">\n<div class=\"wp-block-uagb-info-box uagb-block-a55926c6 uagb-infobox__content-wrap  uagb-infobox-icon-above-title uagb-infobox-image-valign-top\"><div class=\"uagb-ifb-content\"><div class=\"uagb-ifb-icon-wrap\"><svg xmlns=\"https:\/\/www.w3.org\/2000\/svg\" viewBox=\"0 0 512 512\"><path d=\"M383.8 351.7c2.5-2.5 105.2-92.4 105.2-92.4l-17.5-7.5c-10-4.9-7.4-11.5-5-17.4 2.4-7.6 20.1-67.3 20.1-67.3s-47.7 10-57.7 12.5c-7.5 2.4-10-2.5-12.5-7.5s-15-32.4-15-32.4-52.6 59.9-55.1 62.3c-10 7.5-20.1 0-17.6-10 0-10 27.6-129.6 27.6-129.6s-30.1 17.4-40.1 22.4c-7.5 5-12.6 5-17.6-5C293.5 72.3 255.9 0 255.9 0s-37.5 72.3-42.5 79.8c-5 10-10 10-17.6 5-10-5-40.1-22.4-40.1-22.4S183.3 182 183.3 192c2.5 10-7.5 17.5-17.6 10-2.5-2.5-55.1-62.3-55.1-62.3S98.1 167 95.6 172s-5 9.9-12.5 7.5C73 177 25.4 167 25.4 167s17.6 59.7 20.1 67.3c2.4 6 5 12.5-5 17.4L23 259.3s102.6 89.9 105.2 92.4c5.1 5 10 7.5 5.1 22.5-5.1 15-10.1 35.1-10.1 35.1s95.2-20.1 105.3-22.6c8.7-.9 18.3 2.5 18.3 12.5S241 512 241 512h30s-5.8-102.7-5.8-112.8 9.5-13.4 18.4-12.5c10 2.5 105.2 22.6 105.2 22.6s-5-20.1-10-35.1 0-17.5 5-22.5z\"><\/path><\/svg><\/div><div class=\"uagb-ifb-title-wrap\"><h4 class=\"uagb-ifb-title\">Itu<\/h4><\/div><p class=\"uagb-ifb-desc\">Rua dos Andradas, 468, 2\u00ba Andar, Sala 3 &#8211; Itu S\u00e3o Paulo.<br><a href=\"https:\/\/api.whatsapp.com\/send\/?phone=5511972586076\" target=\"_blank\" rel=\"noopener\" title=\"\"><mark style=\"background-color:rgba(0, 0, 0, 0)\" class=\"has-inline-color has-ast-global-color-0-color\">+55 11 95599-6164<\/mark><\/a><\/p><div class=\"uagb-ifb-button-wrapper wp-block-button\"><a href=\"#\" target=\"_self\" onclick=\"return false;\" class=\"uagb-infobox-cta-link\" rel=\"noopener noreferrer\" alt=\"\"><svg xmlns=\"https:\/\/www.w3.org\/2000\/svg\" viewBox=\"0 0 384 512\"><path d=\"M168.3 499.2C116.1 435 0 279.4 0 192C0 85.96 85.96 0 192 0C298 0 384 85.96 384 192C384 279.4 267 435 215.7 499.2C203.4 514.5 180.6 514.5 168.3 499.2H168.3zM192 256C227.3 256 256 227.3 256 192C256 156.7 227.3 128 192 128C156.7 128 128 156.7 128 192C128 227.3 156.7 256 192 256z\"><\/path><\/svg><span class=\"uagb-inline-editing\">Sede<\/span><\/a><\/div><\/div><\/div>\n<\/div>\n<\/div>\n<\/div><\/div>\n\n\n\n<div class=\"wp-block-uagb-container uagb-block-d0290fb1 alignfull uagb-is-root-container\"><div class=\"uagb-container-inner-blocks-wrap\">\n<h2 class=\"wp-block-heading has-text-align-center\"><mark style=\"background-color:rgba(0, 0, 0, 0)\" class=\"has-inline-color has-ast-global-color-5-color\">Ajudamos a resolver seus problemas jur\u00eddicos<\/mark><\/h2>\n\n\n\n<h4 class=\"wp-block-heading has-text-align-center\"><mark style=\"background-color:rgba(0, 0, 0, 0)\" class=\"has-inline-color has-ast-global-color-5-color\">Atendimento personalizados a clientes pontuais e a empresas de todos os portes<\/mark><\/h4>\n\n\n\n<div class=\"wp-block-buttons alignwide is-content-justification-center is-layout-flex wp-container-core-buttons-is-layout-2 wp-block-buttons-is-layout-flex\">\n<div class=\"wp-block-button\"><a class=\"wp-block-button__link has-text-align-center wp-element-button\" href=\"https:\/\/api.whatsapp.com\/send?phone=5511955996164&amp;text=Oi%2C%20encontrei%20suas%20informa%C3%A7%C3%B5es%20do%20WhatsApp%20no%20seu%20site.\" target=\"_blank\" rel=\"noreferrer noopener\">consulte agora<\/a><\/div>\n<\/div>\n<\/div><\/div>\n","protected":false},"excerpt":{"rendered":"<p>Sejam muito bem-vindos \u00e0 esta p\u00e1gina! Aqui na TORRES &amp; SILVA, daremos a cada intera\u00e7\u00e3o uma oportunidade para construir algo significativo. Estamos al\u00e9m de transa\u00e7\u00f5es simples; buscamos estabelecer la\u00e7os duradouros com credibilidade e confian\u00e7a. A raz\u00e3o da TORRES &amp; SILVA vai al\u00e9m de produtos e servi\u00e7os. Nossa miss\u00e3o \u00e9 criar experi\u00eancias que transcendam o comum. &hellip;<\/p>\n<p class=\"read-more\"> <a class=\"\" href=\"https:\/\/torresesilvaadvocacia.com.br\/\"> <span class=\"screen-reader-text\">Home<\/span> Leia mais &raquo;<\/a><\/p>\n","protected":false},"author":1,"featured_media":0,"parent":0,"menu_order":0,"comment_status":"closed","ping_status":"closed","template":"","meta":{"om_disable_all_campaigns":false,"_uag_custom_page_level_css":"","_monsterinsights_skip_tracking":false,"_monsterinsights_sitenote_active":false,"_monsterinsights_sitenote_note":"","_monsterinsights_sitenote_category":0,"site-sidebar-layout":"no-sidebar","site-content-layout":"plain-container","ast-site-content-layout":"normal-width-container","site-content-style":"unboxed","site-sidebar-style":"unboxed","ast-global-header-display":"","ast-banner-title-visibility":"","ast-main-header-display":"","ast-hfb-above-header-display":"","ast-hfb-below-header-display":"","ast-hfb-mobile-header-display":"","site-post-title":"disabled","ast-breadcrumbs-content":"","ast-featured-img":"disabled","footer-sml-layout":"","theme-transparent-header-meta":"enabled","adv-header-id-meta":"","stick-header-meta":"","header-above-stick-meta":"","header-main-stick-meta":"","header-below-stick-meta":"","astra-migrate-meta-layouts":"set","ast-page-background-enabled":"default","ast-page-background-meta":{"desktop":{"background-color":"var(--ast-global-color-4)","background-image":"","background-repeat":"repeat","background-position":"center center","background-size":"auto","background-attachment":"scroll","background-type":"","background-media":"","overlay-type":"","overlay-color":"","overlay-gradient":""},"tablet":{"background-color":"","background-image":"","background-repeat":"repeat","background-position":"center center","background-size":"auto","background-attachment":"scroll","background-type":"","background-media":"","overlay-type":"","overlay-color":"","overlay-gradient":""},"mobile":{"background-color":"","background-image":"","background-repeat":"repeat","background-position":"center center","background-size":"auto","background-attachment":"scroll","background-type":"","background-media":"","overlay-type":"","overlay-color":"","overlay-gradient":""}},"ast-content-background-meta":{"desktop":{"background-color":"var(--ast-global-color-5)","background-image":"","background-repeat":"repeat","background-position":"center center","background-size":"auto","background-attachment":"scroll","background-type":"","background-media":"","overlay-type":"","overlay-color":"","overlay-gradient":""},"tablet":{"background-color":"var(--ast-global-color-5)","background-image":"","background-repeat":"repeat","background-position":"center center","background-size":"auto","background-attachment":"scroll","background-type":"","background-media":"","overlay-type":"","overlay-color":"","overlay-gradient":""},"mobile":{"background-color":"var(--ast-global-color-5)","background-image":"","background-repeat":"repeat","background-position":"center center","background-size":"auto","background-attachment":"scroll","background-type":"","background-media":"","overlay-type":"","overlay-color":"","overlay-gradient":""}},"footnotes":""},"aioseo_notices":[],"jetpack_sharing_enabled":true,"uagb_featured_image_src":{"full":false,"thumbnail":false,"medium":false,"medium_large":false,"large":false,"1536x1536":false,"2048x2048":false},"uagb_author_info":{"display_name":"torresesilvaadvocacia.com.br","author_link":"https:\/\/torresesilvaadvocacia.com.br\/?author=1"},"uagb_comment_info":0,"uagb_excerpt":"Sejam muito bem-vindos \u00e0 esta p\u00e1gina! Aqui na TORRES &amp; SILVA, daremos a cada intera\u00e7\u00e3o uma oportunidade para construir algo significativo. Estamos al\u00e9m de transa\u00e7\u00f5es simples; buscamos estabelecer la\u00e7os duradouros com credibilidade e confian\u00e7a. A raz\u00e3o da TORRES &amp; SILVA vai al\u00e9m de produtos e servi\u00e7os. Nossa miss\u00e3o \u00e9 criar experi\u00eancias que transcendam o comum.&hellip;","_links":{"self":[{"href":"https:\/\/torresesilvaadvocacia.com.br\/index.php?rest_route=\/wp\/v2\/pages\/833"}],"collection":[{"href":"https:\/\/torresesilvaadvocacia.com.br\/index.php?rest_route=\/wp\/v2\/pages"}],"about":[{"href":"https:\/\/torresesilvaadvocacia.com.br\/index.php?rest_route=\/wp\/v2\/types\/page"}],"author":[{"embeddable":true,"href":"https:\/\/torresesilvaadvocacia.com.br\/index.php?rest_route=\/wp\/v2\/users\/1"}],"replies":[{"embeddable":true,"href":"https:\/\/torresesilvaadvocacia.com.br\/index.php?rest_route=%2Fwp%2Fv2%2Fcomments&post=833"}],"version-history":[{"count":34,"href":"https:\/\/torresesilvaadvocacia.com.br\/index.php?rest_route=\/wp\/v2\/pages\/833\/revisions"}],"predecessor-version":[{"id":1743,"href":"https:\/\/torresesilvaadvocacia.com.br\/index.php?rest_route=\/wp\/v2\/pages\/833\/revisions\/1743"}],"wp:attachment":[{"href":"https:\/\/torresesilvaadvocacia.com.br\/index.php?rest_route=%2Fwp%2Fv2%2Fmedia&parent=833"}],"curies":[{"name":"wp","href":"https:\/\/api.w.org\/{rel}","templated":true}]}}