{"id":834,"date":"2021-08-18T06:41:23","date_gmt":"2021-08-18T06:41:23","guid":{"rendered":"http:\/\/torresesilvaadvocacia.com.br\/?page_id=834"},"modified":"2023-12-18T16:59:14","modified_gmt":"2023-12-18T19:59:14","slug":"about-us","status":"publish","type":"page","link":"https:\/\/torresesilvaadvocacia.com.br\/?page_id=834","title":{"rendered":"Sobre n\u00f3s"},"content":{"rendered":"\n<div class=\"wp-block-uagb-container uagb-block-b7d9dbc5 alignfull uagb-is-root-container\"><div class=\"uagb-container-inner-blocks-wrap\">\n<div class=\"wp-block-uagb-info-box uagb-block-648a2585 uagb-infobox__content-wrap  uagb-infobox-icon-above-title uagb-infobox-image-valign-top\"><div class=\"uagb-ifb-content\"><div class=\"uagb-ifb-title-wrap\"><div class=\"uagb-ifb-separator\"><\/div><h1 class=\"uagb-ifb-title\">Saiba mais sobre Torres &amp; Silva Advogados Associados<\/h1><\/div><p class=\"uagb-ifb-desc\">Torres &amp; Silva Advogados Associados \u00e9, em sua ess\u00eancia, um escrit\u00f3rio inovador.<br><br>Fundado com o prop\u00f3sito de oferecer solu\u00e7\u00f5es e advocacia humanizada, focada em intelig\u00eancia jur\u00eddica, a qual agrega valor aos neg\u00f3cios e clientes.<br>O Escrit\u00f3rio conta com dois s\u00f3cios fundadores, com vis\u00e3o futurista e atendimento humanizado, s\u00e3o profissionais especializados em cada uma de suas \u00e1reas de atua\u00e7\u00e3o, al\u00e9m de investir na tecnologia como parceira para gest\u00e3o inteligente de informa\u00e7\u00f5es, an\u00e1lise de dados e mapeamento de resultados, assessorando os clientes e parceiros na tomada de decis\u00f5es.<br><br>A excel\u00eancia na atua\u00e7\u00e3o, valor marcante do Torres &amp; Silva Advogados Associados, entra no cen\u00e1rio jur\u00eddico com o proposito de inova\u00e7\u00e3o, desempenhando o seu papel social como essencial, sendo o seu diferencial.<\/p><\/div><\/div>\n<\/div><\/div>\n\n\n\n<div class=\"wp-block-uagb-container uagb-block-c97d6359 alignfull uagb-is-root-container\"><div class=\"uagb-container-inner-blocks-wrap\">\n<div class=\"wp-block-uagb-container uagb-block-7ce262c6\">\n<div class=\"wp-block-uagb-info-box uagb-block-aa131a30 uagb-infobox__content-wrap  uagb-infobox-icon-above-title uagb-infobox-image-valign-top\"><div class=\"uagb-ifb-content\"><div class=\"uagb-ifb-title-wrap\"><div class=\"uagb-ifb-separator\"><\/div><h2 class=\"uagb-ifb-title\">S\u00d3CIOS FUNDADORES DA TORRES &amp; SILVA<br><br>Dr. M\u00e1rcio Augusto<\/h2><\/div><p class=\"uagb-ifb-desc\">Dr. <strong>M\u00e1rcio Augusto<\/strong>, advogado inscrito na OAB\/SP sob n\u00ba 385.787, s\u00f3cio fundador da Torres &amp; Silva, \u00e9 Especialista em Direito do Trabalho, C\u00edvel e do Consumidor, principalmente contra Fraudes Banc\u00e1rias, al\u00e9m proteger sua empresa e os titulares de dados contra os riscos da LGPD (Lei Geral de Prote\u00e7\u00e3o de Dados).<br><br>Experi\u00eancia consolidada e forte atua\u00e7\u00e3o, tanto&nbsp;em organiza\u00e7\u00f5es multinacionais, como startups, incubadoras, aceleradoras, al\u00e9m de empresas de m\u00e9dio e pequeno portes. <\/p><\/div><\/div>\n\n\n\n<div class=\"wp-block-uagb-buttons uagb-buttons__outer-wrap uagb-btn__default-btn uagb-btn-tablet__default-btn uagb-btn-mobile__default-btn uagb-block-4f847781\"><div class=\"uagb-buttons__wrap uagb-buttons-layout-wrap\">\n<div class=\"wp-block-uagb-buttons-child uagb-buttons__outer-wrap uagb-block-452a68f6 wp-block-button is-style-outline\"><div class=\"uagb-button__wrapper\"><a class=\"uagb-buttons-repeater wp-block-button__link\" href=\"#\" onclick=\"return false;\" rel=\"follow noopener\" target=\"_self\"><div class=\"uagb-button__link\">CONTE-NOS O SEU CASO<\/div><\/a><\/div><\/div>\n<\/div><\/div>\n<\/div>\n\n\n\n<div class=\"wp-block-uagb-container uagb-block-9a81728f\">\n<div class=\"wp-block-uagb-image aligncenter uagb-block-a16ca49a wp-block-uagb-image--layout-default wp-block-uagb-image--effect-static wp-block-uagb-image--align-center\"><figure class=\"wp-block-uagb-image__figure\"><img loading=\"lazy\" decoding=\"async\" srcset=\"https:\/\/torresesilvaadvocacia.com.br\/wp-content\/uploads\/2023\/12\/FOTO-MARCIO-AUGUSTO-CRUZADO-BRAVO-1024x682.jpg ,https:\/\/torresesilvaadvocacia.com.br\/wp-content\/uploads\/2023\/12\/FOTO-MARCIO-AUGUSTO-CRUZADO-BRAVO.jpg 780w, https:\/\/torresesilvaadvocacia.com.br\/wp-content\/uploads\/2023\/12\/FOTO-MARCIO-AUGUSTO-CRUZADO-BRAVO.jpg 360w\" sizes=\"(max-width: 480px) 150px\" src=\"https:\/\/torresesilvaadvocacia.com.br\/wp-content\/uploads\/2023\/12\/FOTO-MARCIO-AUGUSTO-CRUZADO-BRAVO-1024x682.jpg\" alt=\"\" class=\"uag-image-1640\" width=\"474\" height=\"315\" title=\"\" loading=\"lazy\"\/><\/figure><\/div>\n<\/div>\n<\/div><\/div>\n\n\n\n<div class=\"wp-block-uagb-container uagb-block-be1a2ca3 alignfull uagb-is-root-container\"><div class=\"uagb-container-inner-blocks-wrap\">\n<div class=\"wp-block-uagb-container uagb-block-8f141f6c\">\n<div class=\"wp-block-uagb-info-box uagb-block-2e6e2a19 uagb-infobox__content-wrap  uagb-infobox-icon-above-title uagb-infobox-image-valign-top\"><div class=\"uagb-ifb-content\"><div class=\"uagb-ifb-title-wrap\"><div class=\"uagb-ifb-separator\"><\/div><h2 class=\"uagb-ifb-title\">Dr. Washington Torres<\/h2><\/div><p class=\"uagb-ifb-desc\">Dr. <strong>Washington Torres<\/strong>, advogado inscrito na OAB\/SP sob n\u00ba 432.030, s\u00f3cio fundador da Torres &amp; Silva, \u00e9 Especialista Direito do Trabalho, C\u00edvel e do Consumidor<\/p><\/div><\/div>\n\n\n\n<div class=\"wp-block-uagb-buttons uagb-buttons__outer-wrap uagb-btn__default-btn uagb-btn-tablet__default-btn uagb-btn-mobile__default-btn uagb-block-77129ebb\"><div class=\"uagb-buttons__wrap uagb-buttons-layout-wrap\">\n<div class=\"wp-block-uagb-buttons-child uagb-buttons__outer-wrap uagb-block-1b103550 wp-block-button is-style-outline\"><div class=\"uagb-button__wrapper\"><a class=\"uagb-buttons-repeater wp-block-button__link\" href=\"#\" onclick=\"return false;\" rel=\"follow noopener\" target=\"_self\"><div class=\"uagb-button__link\">CONTE-NOS O SEU CASO<\/div><\/a><\/div><\/div>\n<\/div><\/div>\n<\/div>\n\n\n\n<div class=\"wp-block-uagb-container uagb-block-528978ba\">\n<div class=\"wp-block-uagb-image aligncenter uagb-block-27508e8e wp-block-uagb-image--layout-default wp-block-uagb-image--effect-static wp-block-uagb-image--align-center\"><figure class=\"wp-block-uagb-image__figure\"><img loading=\"lazy\" decoding=\"async\" srcset=\"https:\/\/torresesilvaadvocacia.com.br\/wp-content\/uploads\/2023\/12\/WhatsApp-Image-2023-12-18-at-12.41.23.jpeg ,https:\/\/torresesilvaadvocacia.com.br\/wp-content\/uploads\/2023\/12\/WhatsApp-Image-2023-12-18-at-12.41.23.jpeg 780w, https:\/\/torresesilvaadvocacia.com.br\/wp-content\/uploads\/2023\/12\/WhatsApp-Image-2023-12-18-at-12.41.23.jpeg 360w\" sizes=\"(max-width: 480px) 150px\" src=\"https:\/\/torresesilvaadvocacia.com.br\/wp-content\/uploads\/2023\/12\/WhatsApp-Image-2023-12-18-at-12.41.23.jpeg\" alt=\"\" class=\"uag-image-1683\" width=\"314\" height=\"316\" title=\"\" loading=\"lazy\"\/><\/figure><\/div>\n<\/div>\n<\/div><\/div>\n\n\n\n<div class=\"wp-block-uagb-container uagb-block-97420cde alignfull uagb-is-root-container\"><div class=\"uagb-container-inner-blocks-wrap\">\n<div class=\"wp-block-uagb-info-box uagb-block-f00203fe uagb-infobox__content-wrap  uagb-infobox-icon-above-title uagb-infobox-image-valign-top\"><div class=\"uagb-ifb-content\"><div class=\"uagb-ifb-title-wrap\"><div class=\"uagb-ifb-separator\"><\/div><h2 class=\"uagb-ifb-title\">O que nossos clientes dizem<\/h2><\/div><p class=\"uagb-ifb-desc\">\u00c9 com enorme prazer e satisfa\u00e7\u00e3o demonstrar o que a Torres &amp; Silva pode proporcionar de experi\u00eancia ao cliente.<\/p><\/div><\/div>\n\n\n\n<div class=\"wp-block-uagb-testimonial uagb-slick-carousel uagb-tm__arrow-outside uagb-block-8b701bc8 uagb-post__carousel_notset\"><div class=\"is-carousel uagb-tm__columns-3 uagb-tm__items\"><div class=\"uagb-testimonial__wrap  uagb-tm__imgicon-style-circle uagb-tm__image-position-top uagb-tm__bg-type-color \"><div class=\"uagb-tm__content\"><div class=\"uagb-tm__overlay\"><\/div><div class=\"uagb-tm__image-content\"><div class=\"uagb-tm__image\"><img loading=\"lazy\" decoding=\"async\" class=\"uagb-tm-img-src\" src=\"http:\/\/torresesilvaadvocacia.com.br\/wp-content\/uploads\/2021\/08\/testimonial-03.png\" alt=\"\" width=\"90\" height=\"90\" loading=\"lazy\"\/><\/div><\/div><div class=\"uagb-tm__text-wrap\"><div class=\"uagb-tm__desc\">\u00c9 espantoso! Eu me encontrei com v\u00e1rios advogados e cada um foi muito atencioso e me fez sentir como seu \u00fanico cliente. <\/div><div class=\"uagb-tm__meta-inner\"><div class=\"uagb-testimonial-details\"><span class=\"uagb-tm__author-name\">Aras Ribeiro<\/span><span class=\"uagb-tm__company\">Campo Belo<\/span><\/div><\/div><\/div><\/div><\/div><div class=\"uagb-testimonial__wrap  uagb-tm__imgicon-style-circle uagb-tm__image-position-top uagb-tm__bg-type-color \"><div class=\"uagb-tm__content\"><div class=\"uagb-tm__overlay\"><\/div><div class=\"uagb-tm__image-content\"><div class=\"uagb-tm__image\"><img loading=\"lazy\" decoding=\"async\" class=\"uagb-tm-img-src\" src=\"http:\/\/torresesilvaadvocacia.com.br\/wp-content\/uploads\/2021\/08\/testimonial-02.png\" alt=\"\" width=\"90\" height=\"90\" loading=\"lazy\"\/><\/div><\/div><div class=\"uagb-tm__text-wrap\"><div class=\"uagb-tm__desc\">Cada advogado era muito bem informado e forneceu informa\u00e7\u00f5es extensas sobre acidentes, seguros, etc.!<\/div><div class=\"uagb-tm__meta-inner\"><div class=\"uagb-testimonial-details\"><span class=\"uagb-tm__author-name\">Jessica Serrano<\/span><span class=\"uagb-tm__company\">Higien\u00f3polis<\/span><\/div><\/div><\/div><\/div><\/div><div class=\"uagb-testimonial__wrap  uagb-tm__imgicon-style-circle uagb-tm__image-position-top uagb-tm__bg-type-color \"><div class=\"uagb-tm__content\"><div class=\"uagb-tm__overlay\"><\/div><div class=\"uagb-tm__image-content\"><div class=\"uagb-tm__image\"><img loading=\"lazy\" decoding=\"async\" class=\"uagb-tm-img-src\" src=\"http:\/\/torresesilvaadvocacia.com.br\/wp-content\/uploads\/2021\/08\/testimonial-01.png\" alt=\"\" width=\"90\" height=\"90\" loading=\"lazy\"\/><\/div><\/div><div class=\"uagb-tm__text-wrap\"><div class=\"uagb-tm__desc\"> N\u00e3o tenho d\u00favidas de com quem entrarei em contato. Eu n\u00e3o poderia ter tido uma experi\u00eancia melhor.<\/div><div class=\"uagb-tm__meta-inner\"><div class=\"uagb-testimonial-details\"><span class=\"uagb-tm__author-name\">Francis Braga<\/span><span class=\"uagb-tm__company\">Pacaembu<\/span><\/div><\/div><\/div><\/div><\/div><\/div><\/div>\n<\/div><\/div>\n\n\n\n<div class=\"wp-block-uagb-container uagb-block-b96daf47 alignfull uagb-is-root-container\"><div class=\"uagb-container-inner-blocks-wrap\">\n<div class=\"wp-block-jetpack-slideshow is-style-rectangular\" data-effect=\"slide\"><div class=\"wp-block-jetpack-slideshow_container swiper-container\"><ul class=\"wp-block-jetpack-slideshow_swiper-wrapper swiper-wrapper\"><li class=\"wp-block-jetpack-slideshow_slide swiper-slide\"><figure><img fetchpriority=\"high\" decoding=\"async\" width=\"1575\" height=\"993\" alt=\"\" class=\"wp-block-jetpack-slideshow_image wp-image-1646\" data-id=\"1646\" src=\"http:\/\/torresesilvaadvocacia.com.br\/wp-content\/uploads\/2023\/12\/Logotipo-2D-Fundo-Branco-2.png\" srcset=\"https:\/\/torresesilvaadvocacia.com.br\/wp-content\/uploads\/2023\/12\/Logotipo-2D-Fundo-Branco-2.png 1575w, https:\/\/torresesilvaadvocacia.com.br\/wp-content\/uploads\/2023\/12\/Logotipo-2D-Fundo-Branco-2-300x189.png 300w, https:\/\/torresesilvaadvocacia.com.br\/wp-content\/uploads\/2023\/12\/Logotipo-2D-Fundo-Branco-2-1024x646.png 1024w, https:\/\/torresesilvaadvocacia.com.br\/wp-content\/uploads\/2023\/12\/Logotipo-2D-Fundo-Branco-2-768x484.png 768w, https:\/\/torresesilvaadvocacia.com.br\/wp-content\/uploads\/2023\/12\/Logotipo-2D-Fundo-Branco-2-1536x968.png 1536w\" sizes=\"(max-width: 1575px) 100vw, 1575px\" \/><\/figure><\/li><li class=\"wp-block-jetpack-slideshow_slide swiper-slide\"><figure><img decoding=\"async\" width=\"1442\" height=\"1076\" alt=\"\" class=\"wp-block-jetpack-slideshow_image wp-image-1647\" data-id=\"1647\" src=\"http:\/\/torresesilvaadvocacia.com.br\/wp-content\/uploads\/2023\/12\/Logotipo-2D-Marca-DAgua-1-2.png\" srcset=\"https:\/\/torresesilvaadvocacia.com.br\/wp-content\/uploads\/2023\/12\/Logotipo-2D-Marca-DAgua-1-2.png 1442w, https:\/\/torresesilvaadvocacia.com.br\/wp-content\/uploads\/2023\/12\/Logotipo-2D-Marca-DAgua-1-2-300x224.png 300w, https:\/\/torresesilvaadvocacia.com.br\/wp-content\/uploads\/2023\/12\/Logotipo-2D-Marca-DAgua-1-2-1024x764.png 1024w, https:\/\/torresesilvaadvocacia.com.br\/wp-content\/uploads\/2023\/12\/Logotipo-2D-Marca-DAgua-1-2-768x573.png 768w\" sizes=\"(max-width: 1442px) 100vw, 1442px\" \/><\/figure><\/li><li class=\"wp-block-jetpack-slideshow_slide swiper-slide\"><figure><img decoding=\"async\" width=\"2000\" height=\"1500\" alt=\"\" class=\"wp-block-jetpack-slideshow_image wp-image-1648\" data-id=\"1648\" src=\"http:\/\/torresesilvaadvocacia.com.br\/wp-content\/uploads\/2023\/12\/Logotipo-3D-3.png\" srcset=\"https:\/\/torresesilvaadvocacia.com.br\/wp-content\/uploads\/2023\/12\/Logotipo-3D-3.png 2000w, https:\/\/torresesilvaadvocacia.com.br\/wp-content\/uploads\/2023\/12\/Logotipo-3D-3-300x225.png 300w, https:\/\/torresesilvaadvocacia.com.br\/wp-content\/uploads\/2023\/12\/Logotipo-3D-3-1024x768.png 1024w, https:\/\/torresesilvaadvocacia.com.br\/wp-content\/uploads\/2023\/12\/Logotipo-3D-3-768x576.png 768w, https:\/\/torresesilvaadvocacia.com.br\/wp-content\/uploads\/2023\/12\/Logotipo-3D-3-1536x1152.png 1536w\" sizes=\"(max-width: 2000px) 100vw, 2000px\" \/><\/figure><\/li><li class=\"wp-block-jetpack-slideshow_slide swiper-slide\"><figure><img loading=\"lazy\" decoding=\"async\" width=\"1575\" height=\"993\" alt=\"\" class=\"wp-block-jetpack-slideshow_image wp-image-1649\" data-id=\"1649\" src=\"http:\/\/torresesilvaadvocacia.com.br\/wp-content\/uploads\/2023\/12\/Logotipo-2D-Fundo-Escuro-1.png\" srcset=\"https:\/\/torresesilvaadvocacia.com.br\/wp-content\/uploads\/2023\/12\/Logotipo-2D-Fundo-Escuro-1.png 1575w, https:\/\/torresesilvaadvocacia.com.br\/wp-content\/uploads\/2023\/12\/Logotipo-2D-Fundo-Escuro-1-300x189.png 300w, https:\/\/torresesilvaadvocacia.com.br\/wp-content\/uploads\/2023\/12\/Logotipo-2D-Fundo-Escuro-1-1024x646.png 1024w, https:\/\/torresesilvaadvocacia.com.br\/wp-content\/uploads\/2023\/12\/Logotipo-2D-Fundo-Escuro-1-768x484.png 768w, https:\/\/torresesilvaadvocacia.com.br\/wp-content\/uploads\/2023\/12\/Logotipo-2D-Fundo-Escuro-1-1536x968.png 1536w\" sizes=\"(max-width: 1575px) 100vw, 1575px\" \/><\/figure><\/li><\/ul><a class=\"wp-block-jetpack-slideshow_button-prev swiper-button-prev swiper-button-white\" role=\"button\"><\/a><a class=\"wp-block-jetpack-slideshow_button-next swiper-button-next swiper-button-white\" role=\"button\"><\/a><a aria-label=\"Pause Slideshow\" class=\"wp-block-jetpack-slideshow_button-pause\" role=\"button\"><\/a><div class=\"wp-block-jetpack-slideshow_pagination swiper-pagination swiper-pagination-white\"><\/div><\/div><\/div>\n<\/div><\/div>\n\n\n\n<p><\/p>\n","protected":false},"excerpt":{"rendered":"","protected":false},"author":1,"featured_media":0,"parent":0,"menu_order":0,"comment_status":"closed","ping_status":"closed","template":"","meta":{"om_disable_all_campaigns":false,"_uag_custom_page_level_css":"","_monsterinsights_skip_tracking":false,"_monsterinsights_sitenote_active":false,"_monsterinsights_sitenote_note":"","_monsterinsights_sitenote_category":0,"site-sidebar-layout":"no-sidebar","site-content-layout":"plain-container","ast-site-content-layout":"normal-width-container","site-content-style":"unboxed","site-sidebar-style":"unboxed","ast-global-header-display":"","ast-banner-title-visibility":"","ast-main-header-display":"","ast-hfb-above-header-display":"","ast-hfb-below-header-display":"","ast-hfb-mobile-header-display":"","site-post-title":"disabled","ast-breadcrumbs-content":"","ast-featured-img":"disabled","footer-sml-layout":"","theme-transparent-header-meta":"enabled","adv-header-id-meta":"","stick-header-meta":"","header-above-stick-meta":"","header-main-stick-meta":"","header-below-stick-meta":"","astra-migrate-meta-layouts":"set","ast-page-background-enabled":"default","ast-page-background-meta":{"desktop":{"background-color":"var(--ast-global-color-4)","background-image":"","background-repeat":"repeat","background-position":"center center","background-size":"auto","background-attachment":"scroll","background-type":"","background-media":"","overlay-type":"","overlay-color":"","overlay-gradient":""},"tablet":{"background-color":"","background-image":"","background-repeat":"repeat","background-position":"center center","background-size":"auto","background-attachment":"scroll","background-type":"","background-media":"","overlay-type":"","overlay-color":"","overlay-gradient":""},"mobile":{"background-color":"","background-image":"","background-repeat":"repeat","background-position":"center center","background-size":"auto","background-attachment":"scroll","background-type":"","background-media":"","overlay-type":"","overlay-color":"","overlay-gradient":""}},"ast-content-background-meta":{"desktop":{"background-color":"var(--ast-global-color-5)","background-image":"","background-repeat":"repeat","background-position":"center center","background-size":"auto","background-attachment":"scroll","background-type":"","background-media":"","overlay-type":"","overlay-color":"","overlay-gradient":""},"tablet":{"background-color":"var(--ast-global-color-5)","background-image":"","background-repeat":"repeat","background-position":"center center","background-size":"auto","background-attachment":"scroll","background-type":"","background-media":"","overlay-type":"","overlay-color":"","overlay-gradient":""},"mobile":{"background-color":"var(--ast-global-color-5)","background-image":"","background-repeat":"repeat","background-position":"center center","background-size":"auto","background-attachment":"scroll","background-type":"","background-media":"","overlay-type":"","overlay-color":"","overlay-gradient":""}},"footnotes":""},"aioseo_notices":[],"jetpack_sharing_enabled":true,"uagb_featured_image_src":{"full":false,"thumbnail":false,"medium":false,"medium_large":false,"large":false,"1536x1536":false,"2048x2048":false},"uagb_author_info":{"display_name":"torresesilvaadvocacia.com.br","author_link":"https:\/\/torresesilvaadvocacia.com.br\/?author=1"},"uagb_comment_info":0,"uagb_excerpt":null,"_links":{"self":[{"href":"https:\/\/torresesilvaadvocacia.com.br\/index.php?rest_route=\/wp\/v2\/pages\/834"}],"collection":[{"href":"https:\/\/torresesilvaadvocacia.com.br\/index.php?rest_route=\/wp\/v2\/pages"}],"about":[{"href":"https:\/\/torresesilvaadvocacia.com.br\/index.php?rest_route=\/wp\/v2\/types\/page"}],"author":[{"embeddable":true,"href":"https:\/\/torresesilvaadvocacia.com.br\/index.php?rest_route=\/wp\/v2\/users\/1"}],"replies":[{"embeddable":true,"href":"https:\/\/torresesilvaadvocacia.com.br\/index.php?rest_route=%2Fwp%2Fv2%2Fcomments&post=834"}],"version-history":[{"count":11,"href":"https:\/\/torresesilvaadvocacia.com.br\/index.php?rest_route=\/wp\/v2\/pages\/834\/revisions"}],"predecessor-version":[{"id":1685,"href":"https:\/\/torresesilvaadvocacia.com.br\/index.php?rest_route=\/wp\/v2\/pages\/834\/revisions\/1685"}],"wp:attachment":[{"href":"https:\/\/torresesilvaadvocacia.com.br\/index.php?rest_route=%2Fwp%2Fv2%2Fmedia&parent=834"}],"curies":[{"name":"wp","href":"https:\/\/api.w.org\/{rel}","templated":true}]}}